{"id":12711,"date":"2024-03-19T12:32:24","date_gmt":"2024-03-19T10:32:24","guid":{"rendered":"https:\/\/idealhoreca.ro\/?post_type=product&#038;p=12711"},"modified":"2024-03-19T12:32:24","modified_gmt":"2024-03-19T10:32:24","slug":"role-termice-210mm25m12mm-netiparite-28role-bax","status":"publish","type":"product","link":"https:\/\/idealhoreca.ro\/ro\/product\/role-termice-210mm25m12mm-netiparite-28role-bax\/","title":{"rendered":"Role termice 210mm*25m*12mm, netiparite 28role\/bax"},"content":{"rendered":"<p>Role de hartie termica pentru printare monocrom, albe, nepersonalizate, calitatea h\u00e2rtiei fiind garantat\u0103 de produc\u0103tor.<\/p>\n<p>Aceste role termice sunt compatibile cu case de marcat, pos-uri bancare, imprimante termice etc.<\/p>\n<p>Toate rolele produse au marker pentru sfarsit de banda.<\/p>\n","protected":false},"excerpt":{"rendered":"<p><span style=\"color: #ff0000\">Se comanda <strong>la bax (=28role)<\/strong><\/span><\/p>\n<p><span style=\"color: #0000ff\">Disponibile <strong>doar la comanda,<\/strong> livrare 1-5 zile lucratoare.<\/span><\/p>\n","protected":false},"featured_media":12713,"comment_status":"open","ping_status":"closed","template":"","meta":{"inline_featured_image":false},"product_cat":[2430,2396],"product_tag":[],"acf":[],"_links":{"self":[{"href":"https:\/\/idealhoreca.ro\/ro\/wp-json\/wp\/v2\/product\/12711"}],"collection":[{"href":"https:\/\/idealhoreca.ro\/ro\/wp-json\/wp\/v2\/product"}],"about":[{"href":"https:\/\/idealhoreca.ro\/ro\/wp-json\/wp\/v2\/types\/product"}],"replies":[{"embeddable":true,"href":"https:\/\/idealhoreca.ro\/ro\/wp-json\/wp\/v2\/comments?post=12711"}],"version-history":[{"count":1,"href":"https:\/\/idealhoreca.ro\/ro\/wp-json\/wp\/v2\/product\/12711\/revisions"}],"predecessor-version":[{"id":12712,"href":"https:\/\/idealhoreca.ro\/ro\/wp-json\/wp\/v2\/product\/12711\/revisions\/12712"}],"wp:featuredmedia":[{"embeddable":true,"href":"https:\/\/idealhoreca.ro\/ro\/wp-json\/wp\/v2\/media\/12713"}],"wp:attachment":[{"href":"https:\/\/idealhoreca.ro\/ro\/wp-json\/wp\/v2\/media?parent=12711"}],"wp:term":[{"taxonomy":"product_cat","embeddable":true,"href":"https:\/\/idealhoreca.ro\/ro\/wp-json\/wp\/v2\/product_cat?post=12711"},{"taxonomy":"product_tag","embeddable":true,"href":"https:\/\/idealhoreca.ro\/ro\/wp-json\/wp\/v2\/product_tag?post=12711"}],"curies":[{"name":"wp","href":"https:\/\/api.w.org\/{rel}","templated":true}]}}