{"id":12717,"date":"2024-03-19T12:44:53","date_gmt":"2024-03-19T10:44:53","guid":{"rendered":"https:\/\/idealhoreca.ro\/?post_type=product&#038;p=12717"},"modified":"2024-03-19T12:44:53","modified_gmt":"2024-03-19T10:44:53","slug":"role-termice-79mm80m12mm-netiparite-48role-bax","status":"publish","type":"product","link":"https:\/\/idealhoreca.ro\/ro\/product\/role-termice-79mm80m12mm-netiparite-48role-bax\/","title":{"rendered":"Role termice 79mm*80m*12mm, netiparite 48role\/bax"},"content":{"rendered":"<p>Role de hartie termica pentru printare monocrom, albe, nepersonalizate, calitatea h\u00e2rtiei fiind garantat\u0103 de produc\u0103tor.<\/p>\n<p>Aceste role termice sunt compatibile cu case de marcat, pos-uri bancare, imprimante termice etc.<\/p>\n<p>Toate rolele produse au marker pentru sfarsit de banda.<\/p>\n","protected":false},"excerpt":{"rendered":"<p><span style=\"color: #ff0000\">Se comanda <strong>la bax (=48role)<\/strong><\/span><\/p>\n<p><span style=\"color: #0000ff\">Disponibile <strong>doar la comanda,<\/strong> livrare 1-5 zile lucratoare.<\/span><\/p>\n","protected":false},"featured_media":12719,"comment_status":"open","ping_status":"closed","template":"","meta":{"inline_featured_image":false},"product_cat":[2430,2396],"product_tag":[],"acf":[],"_links":{"self":[{"href":"https:\/\/idealhoreca.ro\/ro\/wp-json\/wp\/v2\/product\/12717"}],"collection":[{"href":"https:\/\/idealhoreca.ro\/ro\/wp-json\/wp\/v2\/product"}],"about":[{"href":"https:\/\/idealhoreca.ro\/ro\/wp-json\/wp\/v2\/types\/product"}],"replies":[{"embeddable":true,"href":"https:\/\/idealhoreca.ro\/ro\/wp-json\/wp\/v2\/comments?post=12717"}],"version-history":[{"count":2,"href":"https:\/\/idealhoreca.ro\/ro\/wp-json\/wp\/v2\/product\/12717\/revisions"}],"predecessor-version":[{"id":12720,"href":"https:\/\/idealhoreca.ro\/ro\/wp-json\/wp\/v2\/product\/12717\/revisions\/12720"}],"wp:featuredmedia":[{"embeddable":true,"href":"https:\/\/idealhoreca.ro\/ro\/wp-json\/wp\/v2\/media\/12719"}],"wp:attachment":[{"href":"https:\/\/idealhoreca.ro\/ro\/wp-json\/wp\/v2\/media?parent=12717"}],"wp:term":[{"taxonomy":"product_cat","embeddable":true,"href":"https:\/\/idealhoreca.ro\/ro\/wp-json\/wp\/v2\/product_cat?post=12717"},{"taxonomy":"product_tag","embeddable":true,"href":"https:\/\/idealhoreca.ro\/ro\/wp-json\/wp\/v2\/product_tag?post=12717"}],"curies":[{"name":"wp","href":"https:\/\/api.w.org\/{rel}","templated":true}]}}