{"id":12970,"date":"2024-07-30T13:46:17","date_gmt":"2024-07-30T11:46:17","guid":{"rendered":"https:\/\/idealhoreca.ro\/?post_type=product&#038;p=12970"},"modified":"2024-07-30T13:52:58","modified_gmt":"2024-07-30T11:52:58","slug":"pahar-plastic-shot-30cc-40-set","status":"publish","type":"product","link":"https:\/\/idealhoreca.ro\/ro\/product\/pahar-plastic-shot-30cc-40-set\/","title":{"rendered":"Pahar plastic shot 30cc, 40\/set"},"content":{"rendered":"<p>&nbsp;<\/p>\n<p>Pahar 30ml shot, realizat din plastic, ce ofera o combinatie exceptionala de stralucire, eleganta si durabilitate.<\/p>\n<p>Cupa este extrem de usoara, durabila si rigida. Poate rezista la presiune, fiind potrivit prntru utilizarea de zi cu zi si diverse evenimente.<\/p>\n<p>Cu o capacitate de 30 ml, aceste Pahar Shot\u00a0 sunt dimensionate perfect pentru a servi shot-uri, licori sau b\u0103uturi aperitive preferate.<\/p>\n<p>Fie c\u0103 sunte\u021bi la o petrecere sau \u00eentr-o sear\u0103 relaxant\u0103 acas\u0103, ele sunt alegerea potrivit\u0103.<\/p>\n","protected":false},"excerpt":{"rendered":"<p><span style=\"color: #ff0000\">Se comanda <strong>la set (=40 buc)<\/strong><\/span><\/p>\n","protected":false},"featured_media":12973,"comment_status":"open","ping_status":"closed","template":"","meta":{"inline_featured_image":false},"product_cat":[2131],"product_tag":[],"acf":[],"_links":{"self":[{"href":"https:\/\/idealhoreca.ro\/ro\/wp-json\/wp\/v2\/product\/12970"}],"collection":[{"href":"https:\/\/idealhoreca.ro\/ro\/wp-json\/wp\/v2\/product"}],"about":[{"href":"https:\/\/idealhoreca.ro\/ro\/wp-json\/wp\/v2\/types\/product"}],"replies":[{"embeddable":true,"href":"https:\/\/idealhoreca.ro\/ro\/wp-json\/wp\/v2\/comments?post=12970"}],"version-history":[{"count":4,"href":"https:\/\/idealhoreca.ro\/ro\/wp-json\/wp\/v2\/product\/12970\/revisions"}],"predecessor-version":[{"id":12975,"href":"https:\/\/idealhoreca.ro\/ro\/wp-json\/wp\/v2\/product\/12970\/revisions\/12975"}],"wp:featuredmedia":[{"embeddable":true,"href":"https:\/\/idealhoreca.ro\/ro\/wp-json\/wp\/v2\/media\/12973"}],"wp:attachment":[{"href":"https:\/\/idealhoreca.ro\/ro\/wp-json\/wp\/v2\/media?parent=12970"}],"wp:term":[{"taxonomy":"product_cat","embeddable":true,"href":"https:\/\/idealhoreca.ro\/ro\/wp-json\/wp\/v2\/product_cat?post=12970"},{"taxonomy":"product_tag","embeddable":true,"href":"https:\/\/idealhoreca.ro\/ro\/wp-json\/wp\/v2\/product_tag?post=12970"}],"curies":[{"name":"wp","href":"https:\/\/api.w.org\/{rel}","templated":true}]}}