{"id":13031,"date":"2024-10-10T09:26:53","date_gmt":"2024-10-10T07:26:53","guid":{"rendered":"https:\/\/idealhoreca.ro\/?post_type=product&#038;p=13031"},"modified":"2024-10-10T09:26:54","modified_gmt":"2024-10-10T07:26:54","slug":"tenzi-detergent-multisuprafete-office-clean-gt-cu-pulv-1l","status":"publish","type":"product","link":"https:\/\/idealhoreca.ro\/ro\/product\/tenzi-detergent-multisuprafete-office-clean-gt-cu-pulv-1l\/","title":{"rendered":"Tenzi Detergent multisuprafete Office Clean GT cu pulv 1L"},"content":{"rendered":"<p>Detergent acid sanitar Topefekt SANIT.\u00a0Detergent concentrat pentru cur\u0103\u021bare \u0219i \u00eengrijire zilnic\u0103 \u00een spa\u021bii sanitare.<\/p>\n<p>Produs acid de cur\u0103\u021bare delicat, conceput pentru utilizare zilnic\u0103 \u020bn spa\u021bii sanitare. \u00cenltur eficient murd\u01ceria de origine organic\u01ce, petele de s\u0103pun, impurit\u0103\u021bile minerale, depunerile de piatr\u0103. Las\u0103 \u00een urm\u01ce un miros floral pl\u0103cut \u015fi persistent. Recomandat pentru cur\u0103\u021barea o\u021belului inoxidabil, ceramicii, sticlei \u015fi suprafe\u021belor emailate. Con\u021bine acid citric.<\/p>\n<p>Valoare pH (concentrat):\u00a0cca.\u00a01<\/p>\n<p><strong>\u00centrebuin\u0163are:<\/strong><\/p>\n<ul>\n<li>\u020bnc\u0103peri sanitare, c\u0103zi, cabine de du\u015f, arm\u0103turi din b\u0103i, suprafe\u021be emailate, elemente din o\u021bel inoxidabil<\/li>\n<li>vase de toalet\u0103, lavoare, chiuvete, gresie, faian\u021b\u0103<\/li>\n<li>balustrade<\/li>\n<\/ul>\n<p><strong>Mod de utilizare:<\/strong><\/p>\n<ul>\n<li>Cur\u0103\u021bare intens\u0103 cu\u00a0<a href=\"https:\/\/www.servexpert.ro\/echipamente-curatenie\/mopuri-profesionale-curatenie\" target=\"_blank\" rel=\"noopener\">mop<\/a>sau\u00a0<a href=\"https:\/\/www.servexpert.ro\/consumabile-si-accesorii-curatenie\/lavete-microfibra\" target=\"_blank\" rel=\"noopener\">lavet\u0103<\/a>: concentrat<\/li>\n<li>C\u0103zi: 100 \u2013 200 ML \/ 10 L ap\u0103<\/li>\n<li>Pl\u0103ci ceramice: 50 \u2013 100 ML\u00a0\/ 10 L ap\u0103<\/li>\n<li>Toalete: 100 \u2013 200 ML\u00a0\/ 10 L ap\u0103<\/li>\n<\/ul>\n<p>Dup\u0103 cur\u0103\u021bare cl\u0103ti\u021bi suprafa\u021ba cu ap\u0103 curat\u0103.<\/p>\n","protected":false},"excerpt":{"rendered":"<p>Detergent acid sanitar Topefekt SANIT.\u00a0Detergent concentrat pentru cur\u0103\u021bare \u0219i \u00eengrijire zilnic\u0103 \u00een spa\u021bii sanitare. Produs acid de cur\u0103\u021bare delicat, conceput pentru utilizare zilnic\u0103 \u020bn spa\u021bii sanitare. \u00cenltur eficient murd\u01ceria de origine organic\u01ce, petele de s\u0103pun, impurit\u0103\u021bile minerale, depunerile de piatr\u0103. Las\u0103 \u00een urm\u01ce un miros floral pl\u0103cut \u015fi persistent. Recomandat&hellip; <\/p>\n","protected":false},"featured_media":13032,"comment_status":"open","ping_status":"closed","template":"","meta":{"inline_featured_image":false},"product_cat":[936,935],"product_tag":[],"acf":[],"_links":{"self":[{"href":"https:\/\/idealhoreca.ro\/ro\/wp-json\/wp\/v2\/product\/13031"}],"collection":[{"href":"https:\/\/idealhoreca.ro\/ro\/wp-json\/wp\/v2\/product"}],"about":[{"href":"https:\/\/idealhoreca.ro\/ro\/wp-json\/wp\/v2\/types\/product"}],"replies":[{"embeddable":true,"href":"https:\/\/idealhoreca.ro\/ro\/wp-json\/wp\/v2\/comments?post=13031"}],"version-history":[{"count":1,"href":"https:\/\/idealhoreca.ro\/ro\/wp-json\/wp\/v2\/product\/13031\/revisions"}],"predecessor-version":[{"id":13033,"href":"https:\/\/idealhoreca.ro\/ro\/wp-json\/wp\/v2\/product\/13031\/revisions\/13033"}],"wp:featuredmedia":[{"embeddable":true,"href":"https:\/\/idealhoreca.ro\/ro\/wp-json\/wp\/v2\/media\/13032"}],"wp:attachment":[{"href":"https:\/\/idealhoreca.ro\/ro\/wp-json\/wp\/v2\/media?parent=13031"}],"wp:term":[{"taxonomy":"product_cat","embeddable":true,"href":"https:\/\/idealhoreca.ro\/ro\/wp-json\/wp\/v2\/product_cat?post=13031"},{"taxonomy":"product_tag","embeddable":true,"href":"https:\/\/idealhoreca.ro\/ro\/wp-json\/wp\/v2\/product_tag?post=13031"}],"curies":[{"name":"wp","href":"https:\/\/api.w.org\/{rel}","templated":true}]}}