{"id":13041,"date":"2024-10-10T11:19:57","date_gmt":"2024-10-10T09:19:57","guid":{"rendered":"https:\/\/idealhoreca.ro\/?post_type=product&#038;p=13041"},"modified":"2024-10-10T11:19:58","modified_gmt":"2024-10-10T09:19:58","slug":"tenzi-detergent-geam-top-glass-cu-pulv-1l","status":"publish","type":"product","link":"https:\/\/idealhoreca.ro\/ro\/product\/tenzi-detergent-geam-top-glass-cu-pulv-1l\/","title":{"rendered":"Tenzi Detergent geam TOP GLASS cu pulv 1L"},"content":{"rendered":"<p>Produs de cur\u0103\u021bare cu uscare rapid\u0103 pentru geamuri.<\/p>\n<p>Nu las\u0103 pete sau urme, garanteaz\u0103 o transparen\u021b\u0103 excelent\u0103.<\/p>\n<p>\u020amprosp\u0103teaz\u0103, lustruie\u015fte \u015fi las\u0103 \u020bn urm\u0103 un miros pl\u0103cut.<\/p>\n<p>Foarte eficient (1 \u2013 2 ml \/ 1m2).<\/p>\n<p>Recomandat pentru utilizare zilnic\u0103.<\/p>\n","protected":false},"excerpt":{"rendered":"<p>Produs de cur\u0103\u021bare cu uscare rapid\u0103 pentru geamuri. Nu las\u0103 pete sau urme, garanteaz\u0103 o transparen\u021b\u0103 excelent\u0103. \u020amprosp\u0103teaz\u0103, lustruie\u015fte \u015fi las\u0103 \u020bn urm\u0103 un miros pl\u0103cut. Foarte eficient (1 \u2013 2 ml \/ 1m2). Recomandat pentru utilizare zilnic\u0103.<\/p>\n","protected":false},"featured_media":13042,"comment_status":"open","ping_status":"closed","template":"","meta":{"inline_featured_image":false},"product_cat":[936,935],"product_tag":[],"acf":[],"_links":{"self":[{"href":"https:\/\/idealhoreca.ro\/ro\/wp-json\/wp\/v2\/product\/13041"}],"collection":[{"href":"https:\/\/idealhoreca.ro\/ro\/wp-json\/wp\/v2\/product"}],"about":[{"href":"https:\/\/idealhoreca.ro\/ro\/wp-json\/wp\/v2\/types\/product"}],"replies":[{"embeddable":true,"href":"https:\/\/idealhoreca.ro\/ro\/wp-json\/wp\/v2\/comments?post=13041"}],"version-history":[{"count":1,"href":"https:\/\/idealhoreca.ro\/ro\/wp-json\/wp\/v2\/product\/13041\/revisions"}],"predecessor-version":[{"id":13043,"href":"https:\/\/idealhoreca.ro\/ro\/wp-json\/wp\/v2\/product\/13041\/revisions\/13043"}],"wp:featuredmedia":[{"embeddable":true,"href":"https:\/\/idealhoreca.ro\/ro\/wp-json\/wp\/v2\/media\/13042"}],"wp:attachment":[{"href":"https:\/\/idealhoreca.ro\/ro\/wp-json\/wp\/v2\/media?parent=13041"}],"wp:term":[{"taxonomy":"product_cat","embeddable":true,"href":"https:\/\/idealhoreca.ro\/ro\/wp-json\/wp\/v2\/product_cat?post=13041"},{"taxonomy":"product_tag","embeddable":true,"href":"https:\/\/idealhoreca.ro\/ro\/wp-json\/wp\/v2\/product_tag?post=13041"}],"curies":[{"name":"wp","href":"https:\/\/api.w.org\/{rel}","templated":true}]}}