{"id":13050,"date":"2024-10-18T10:03:09","date_gmt":"2024-10-18T08:03:09","guid":{"rendered":"https:\/\/idealhoreca.ro\/?post_type=product&#038;p=13050"},"modified":"2024-10-18T10:03:22","modified_gmt":"2024-10-18T08:03:22","slug":"tenzi-detergent-anticalcar-1l","status":"publish","type":"product","link":"https:\/\/idealhoreca.ro\/ro\/product\/tenzi-detergent-anticalcar-1l\/","title":{"rendered":"Tenzi Detergent anticalcar 1L"},"content":{"rendered":"<p>Detergent acid concentrat anticalcar DEKAM, pentru \u00eendep\u0103rtarea petelor \u0219i urmelor de calcar,\u00a0dup\u0103 finisarea diferitelor tipuri de lucr\u0103ri de construc\u0163ie.<\/p>\n<p>Detergent acid concentrat recomandat pentru cur\u0103\u021barea tuturor tipurilor de suprafe\u021be dure, inclusiv \u00een cur\u0103\u021benia dup\u0103 constructor.<\/p>\n<p>Propriet\u0103\u0163i:<\/p>\n<p>Detergent acid pentru \u00eendep\u0103rtarea petelor de calcar provenite din ap\u0103 dur\u0103, resturi de materiale de construc\u021bie precum \u015fi a reziduurilor de detergent. Pentru utilizarea manual\u0103 se recomand\u0103 folosirea unei\u00a0<a href=\"https:\/\/www.servexpert.ro\/consumabile-si-accesorii-curatenie\/lavete-microfibra\" target=\"_blank\" rel=\"noopener\">lavete de microfibr\u0103<\/a>.<\/p>\n<p><strong>Domeniul de \u00eentrebuin\u0163are:<\/strong><\/p>\n<p>cur\u0103\u021benie toate tipurile de pardoseli neprotejate din piatr\u01ce, rezistente la ap\u01ce, flexibile sau din r\u0103\u015fini, panouri rezistente la ap\u01ce, cherestea l\u01cecuit\u01ce, plut\u01ce l\u01cecuit\u01ce;<\/p>\n<p>detergent pl\u01ceci ceramice, clinker \u015fi PVC.<\/p>\n<p>detergent suprafe\u021be dure, dup\u0103 lucr\u0103ri de renovare.<\/p>\n<p><strong>Mod de utilizare:<\/strong><\/p>\n<p>\u00cen func\u021bie de metoda de cur\u0103\u021bare, se alege o dilu\u021bie corespunz\u0103toare: cur\u0103\u021bare manual\u0103 sau mecanic\u0103: 30 &#8211; 100 ml\/ 10 l ap\u01ce;<\/p>\n<p>Suprafe\u021bele cur\u0103\u021bate se usuc\u0103 cu\u00a0<a href=\"https:\/\/www.servexpert.ro\/echipamente-curatenie\/aspiratoare-profesionale\/aspirator-profesional-umed-uscat-sprintus-waterking\" target=\"_blank\" rel=\"noopener\">aspiratorul umed<\/a>\u00a0sau se \u0219terg cu\u00a0<a href=\"https:\/\/www.servexpert.ro\/echipamente-curatenie\/mopuri-profesionale-curatenie\" target=\"_blank\" rel=\"noopener\">mopul din microfibr\u0103<\/a>\u00a0sau bumbac.<\/p>\n","protected":false},"excerpt":{"rendered":"<p>Detergent acid concentrat anticalcar DEKAM, pentru \u00eendep\u0103rtarea petelor \u0219i urmelor de calcar,\u00a0dup\u0103 finisarea diferitelor tipuri de lucr\u0103ri de construc\u0163ie. Detergent acid concentrat recomandat pentru cur\u0103\u021barea tuturor tipurilor de suprafe\u021be dure, inclusiv \u00een cur\u0103\u021benia dup\u0103 constructor. Propriet\u0103\u0163i: Detergent acid pentru \u00eendep\u0103rtarea petelor de calcar provenite din ap\u0103 dur\u0103, resturi de materiale&hellip; <\/p>\n","protected":false},"featured_media":13051,"comment_status":"open","ping_status":"closed","template":"","meta":{"inline_featured_image":false},"product_cat":[935],"product_tag":[],"acf":[],"_links":{"self":[{"href":"https:\/\/idealhoreca.ro\/ro\/wp-json\/wp\/v2\/product\/13050"}],"collection":[{"href":"https:\/\/idealhoreca.ro\/ro\/wp-json\/wp\/v2\/product"}],"about":[{"href":"https:\/\/idealhoreca.ro\/ro\/wp-json\/wp\/v2\/types\/product"}],"replies":[{"embeddable":true,"href":"https:\/\/idealhoreca.ro\/ro\/wp-json\/wp\/v2\/comments?post=13050"}],"version-history":[{"count":1,"href":"https:\/\/idealhoreca.ro\/ro\/wp-json\/wp\/v2\/product\/13050\/revisions"}],"predecessor-version":[{"id":13052,"href":"https:\/\/idealhoreca.ro\/ro\/wp-json\/wp\/v2\/product\/13050\/revisions\/13052"}],"wp:featuredmedia":[{"embeddable":true,"href":"https:\/\/idealhoreca.ro\/ro\/wp-json\/wp\/v2\/media\/13051"}],"wp:attachment":[{"href":"https:\/\/idealhoreca.ro\/ro\/wp-json\/wp\/v2\/media?parent=13050"}],"wp:term":[{"taxonomy":"product_cat","embeddable":true,"href":"https:\/\/idealhoreca.ro\/ro\/wp-json\/wp\/v2\/product_cat?post=13050"},{"taxonomy":"product_tag","embeddable":true,"href":"https:\/\/idealhoreca.ro\/ro\/wp-json\/wp\/v2\/product_tag?post=13050"}],"curies":[{"name":"wp","href":"https:\/\/api.w.org\/{rel}","templated":true}]}}