{"id":13053,"date":"2024-10-18T10:22:40","date_gmt":"2024-10-18T08:22:40","guid":{"rendered":"https:\/\/idealhoreca.ro\/?post_type=product&#038;p=13053"},"modified":"2024-10-18T10:22:41","modified_gmt":"2024-10-18T08:22:41","slug":"tenzi-detergent-multisuprafete-office-clean-gt-cu-pulv-1l-2","status":"publish","type":"product","link":"https:\/\/idealhoreca.ro\/ro\/product\/tenzi-detergent-multisuprafete-office-clean-gt-cu-pulv-1l-2\/","title":{"rendered":"Tenzi Detergent multisuprafete Office Clean GT cu pulv 1L"},"content":{"rendered":"<p>Este un detergent gata de utilizare, recomandat pentru cur\u0103\u021barea zilnic\u0103 a suprafe\u021belor din birou.<\/p>\n<p>Detergent pentru birou Office Clean, gata de utilizare, de uz general, cu uscare rapid\u0103, parfumat cu miros intens de flori, foarte pl\u0103cut. Solu\u021bie de cur\u0103\u021benie recomandat\u0103 pentru cur\u0103\u021barea zilnic\u0103 a suprafe\u0163elor de birou (rafturi, blaturi, mese, pervazuri), precum \u0219i pentru dispozitivele de birou (imprimante, fax-uri, componente calculator). Solu\u021bie de cur\u0103\u021bat care nu las\u0103 urme, \u020bmprosp\u0103teaz\u0103 aerul, nu distruge materialul \u0219i p\u0103streaz\u0103 propriet\u0103\u021bile naturale a suprafe\u021bei cur\u0103\u021bate. Produs foarte economic \u0219i eficient (1-2 ml \/ 1m\u00b2 de suprafa\u021b\u0103).<\/p>\n<p><strong>Domeniul de \u00eentrebuin\u021bare:<\/strong><\/p>\n<p>Toate tipurile de mobilier, chiar \u0219i din materiale sensibile, suprafe\u0163e sau obiecte,\u00a0 detergent excelent pentru \u00eentre\u0163inerea zilnica a mobilierului \u015fi a spa\u0163iului interior,\u00a0 cura\u0163a amprentele lasate pe suprafe\u0163ele lucioase asigur\u00e2nd luciul pe mobilier \u015fi geamuri.<\/p>\n<p>Mod de utilizare:<\/p>\n<p>utiliza\u021bi produsul pentru cur\u0103\u021benie f\u0103r\u0103 s\u0103 dilua\u021bi;<\/p>\n<p>este recomandat s\u0103 folosi\u021bi o\u00a0<a href=\"https:\/\/www.servexpert.ro\/laveta-microfibra-rainbow\">lavet\u0103 din microfibr\u0103<\/a>\u00a0;<\/p>\n<p>\u015fterge\u021bi \u0219i lustrui\u021bi suprafa\u021ba cu o lavet\u0103<\/p>\n<p><strong>Ambalare:<\/strong>\u00a01 L<\/p>\n<p>Recomandat:\u00a0firme cur\u0103\u021benie, cur\u0103\u021benie industrial\u0103, cur\u0103\u021benie hoteluri, cur\u0103\u021benie pensiuni, cur\u0103\u021benie restaurante, cur\u0103\u021benie birouri,cur\u0103\u021benie tastaturi,cur\u0103\u021benie calculatoare<\/p>\n","protected":false},"excerpt":{"rendered":"<p>Este un detergent gata de utilizare, recomandat pentru cur\u0103\u021barea zilnic\u0103 a suprafe\u021belor din birou. Detergent pentru birou Office Clean, gata de utilizare, de uz general, cu uscare rapid\u0103, parfumat cu miros intens de flori, foarte pl\u0103cut. Solu\u021bie de cur\u0103\u021benie recomandat\u0103 pentru cur\u0103\u021barea zilnic\u0103 a suprafe\u0163elor de birou (rafturi, blaturi, mese,&hellip; <\/p>\n","protected":false},"featured_media":13055,"comment_status":"open","ping_status":"closed","template":"","meta":{"inline_featured_image":false},"product_cat":[935],"product_tag":[],"acf":[],"_links":{"self":[{"href":"https:\/\/idealhoreca.ro\/ro\/wp-json\/wp\/v2\/product\/13053"}],"collection":[{"href":"https:\/\/idealhoreca.ro\/ro\/wp-json\/wp\/v2\/product"}],"about":[{"href":"https:\/\/idealhoreca.ro\/ro\/wp-json\/wp\/v2\/types\/product"}],"replies":[{"embeddable":true,"href":"https:\/\/idealhoreca.ro\/ro\/wp-json\/wp\/v2\/comments?post=13053"}],"version-history":[{"count":1,"href":"https:\/\/idealhoreca.ro\/ro\/wp-json\/wp\/v2\/product\/13053\/revisions"}],"predecessor-version":[{"id":13054,"href":"https:\/\/idealhoreca.ro\/ro\/wp-json\/wp\/v2\/product\/13053\/revisions\/13054"}],"wp:featuredmedia":[{"embeddable":true,"href":"https:\/\/idealhoreca.ro\/ro\/wp-json\/wp\/v2\/media\/13055"}],"wp:attachment":[{"href":"https:\/\/idealhoreca.ro\/ro\/wp-json\/wp\/v2\/media?parent=13053"}],"wp:term":[{"taxonomy":"product_cat","embeddable":true,"href":"https:\/\/idealhoreca.ro\/ro\/wp-json\/wp\/v2\/product_cat?post=13053"},{"taxonomy":"product_tag","embeddable":true,"href":"https:\/\/idealhoreca.ro\/ro\/wp-json\/wp\/v2\/product_tag?post=13053"}],"curies":[{"name":"wp","href":"https:\/\/api.w.org\/{rel}","templated":true}]}}