{"id":13089,"date":"2024-10-22T10:21:14","date_gmt":"2024-10-22T08:21:14","guid":{"rendered":"https:\/\/idealhoreca.ro\/?post_type=product&#038;p=13089"},"modified":"2025-02-20T14:30:19","modified_gmt":"2025-02-20T12:30:19","slug":"pahar-shot-70-ml-transparent-20-set","status":"publish","type":"product","link":"https:\/\/idealhoreca.ro\/ro\/product\/pahar-shot-70-ml-transparent-20-set\/","title":{"rendered":"Pahar Shot 70 ml Transparent 20\/set"},"content":{"rendered":"<p>Pahar 70ml shot, realizat din plastic, ce ofera o combinatie exceptionala de stralucire, eleganta si durabilitate.<\/p>\n<p>Cupa este extrem de usoara, durabila si rigida. Poate rezista la presiune, fiind potrivit prntru utilizarea de zi cu zi si diverse evenimente.<\/p>\n<p>Cu o capacitate de 70ml, aceste Pahar Shot\u00a0 sunt dimensionate perfect pentru a servi shot-uri, licori sau b\u0103uturi aperitive preferate.<\/p>\n<p>Fie c\u0103 sunte\u021bi la o petrecere sau \u00eentr-o sear\u0103 relaxant\u0103 acas\u0103, ele sunt alegerea potrivit\u0103.<\/p>\n","protected":false},"excerpt":{"rendered":"<p>Pahar 70ml shot, realizat din plastic, ce ofera o combinatie exceptionala de stralucire, eleganta si durabilitate. Cupa este extrem de usoara, durabila si rigida. Poate rezista la presiune, fiind potrivit prntru utilizarea de zi cu zi si diverse evenimente. Cu o capacitate de 70ml, aceste Pahar Shot\u00a0 sunt dimensionate perfect&hellip; <\/p>\n","protected":false},"featured_media":13090,"comment_status":"open","ping_status":"closed","template":"","meta":{"inline_featured_image":false},"product_cat":[2131],"product_tag":[],"acf":[],"_links":{"self":[{"href":"https:\/\/idealhoreca.ro\/ro\/wp-json\/wp\/v2\/product\/13089"}],"collection":[{"href":"https:\/\/idealhoreca.ro\/ro\/wp-json\/wp\/v2\/product"}],"about":[{"href":"https:\/\/idealhoreca.ro\/ro\/wp-json\/wp\/v2\/types\/product"}],"replies":[{"embeddable":true,"href":"https:\/\/idealhoreca.ro\/ro\/wp-json\/wp\/v2\/comments?post=13089"}],"version-history":[{"count":2,"href":"https:\/\/idealhoreca.ro\/ro\/wp-json\/wp\/v2\/product\/13089\/revisions"}],"predecessor-version":[{"id":13420,"href":"https:\/\/idealhoreca.ro\/ro\/wp-json\/wp\/v2\/product\/13089\/revisions\/13420"}],"wp:featuredmedia":[{"embeddable":true,"href":"https:\/\/idealhoreca.ro\/ro\/wp-json\/wp\/v2\/media\/13090"}],"wp:attachment":[{"href":"https:\/\/idealhoreca.ro\/ro\/wp-json\/wp\/v2\/media?parent=13089"}],"wp:term":[{"taxonomy":"product_cat","embeddable":true,"href":"https:\/\/idealhoreca.ro\/ro\/wp-json\/wp\/v2\/product_cat?post=13089"},{"taxonomy":"product_tag","embeddable":true,"href":"https:\/\/idealhoreca.ro\/ro\/wp-json\/wp\/v2\/product_tag?post=13089"}],"curies":[{"name":"wp","href":"https:\/\/api.w.org\/{rel}","templated":true}]}}