{"id":13194,"date":"2024-11-06T10:27:26","date_gmt":"2024-11-06T08:27:26","guid":{"rendered":"https:\/\/idealhoreca.ro\/?post_type=product&#038;p=13194"},"modified":"2025-01-31T14:51:43","modified_gmt":"2025-01-31T12:51:43","slug":"punga-hartie-natur-14x6x19cm-2000-bax","status":"publish","type":"product","link":"https:\/\/idealhoreca.ro\/ro\/product\/punga-hartie-natur-14x6x19cm-2000-bax\/","title":{"rendered":"Punga hartie natur 14X6X19cm 2000\/bax"},"content":{"rendered":"<p>Punga din hartie kraft natur neimprimata pentru ambalare produse vrac (patiserie, covrigarie).<br \/>\nFolosi\u021bi cu \u00eencredere aceste pungi pentru a c\u0103ra toate bunurile necesare, h\u00e2rtia kraft e foarte rezistenta.<\/p>\n<p>Cele 2 straturi de h\u00e2rtie kraft \u00eei ofer\u0103 pungii de h\u00e2rtie o rezistenta crescut\u0103.<\/p>\n","protected":false},"excerpt":{"rendered":"<p>Punga din hartie kraft natur neimprimata pentru ambalare produse vrac (patiserie, covrigarie). Folosi\u021bi cu \u00eencredere aceste pungi pentru a c\u0103ra toate bunurile necesare, h\u00e2rtia kraft e foarte rezistenta. Cele 2 straturi de h\u00e2rtie kraft \u00eei ofer\u0103 pungii de h\u00e2rtie o rezistenta crescut\u0103.<\/p>\n","protected":false},"featured_media":13195,"comment_status":"open","ping_status":"closed","template":"","meta":{"inline_featured_image":false},"product_cat":[1133,2133],"product_tag":[],"acf":[],"_links":{"self":[{"href":"https:\/\/idealhoreca.ro\/ro\/wp-json\/wp\/v2\/product\/13194"}],"collection":[{"href":"https:\/\/idealhoreca.ro\/ro\/wp-json\/wp\/v2\/product"}],"about":[{"href":"https:\/\/idealhoreca.ro\/ro\/wp-json\/wp\/v2\/types\/product"}],"replies":[{"embeddable":true,"href":"https:\/\/idealhoreca.ro\/ro\/wp-json\/wp\/v2\/comments?post=13194"}],"version-history":[{"count":1,"href":"https:\/\/idealhoreca.ro\/ro\/wp-json\/wp\/v2\/product\/13194\/revisions"}],"predecessor-version":[{"id":13196,"href":"https:\/\/idealhoreca.ro\/ro\/wp-json\/wp\/v2\/product\/13194\/revisions\/13196"}],"wp:featuredmedia":[{"embeddable":true,"href":"https:\/\/idealhoreca.ro\/ro\/wp-json\/wp\/v2\/media\/13195"}],"wp:attachment":[{"href":"https:\/\/idealhoreca.ro\/ro\/wp-json\/wp\/v2\/media?parent=13194"}],"wp:term":[{"taxonomy":"product_cat","embeddable":true,"href":"https:\/\/idealhoreca.ro\/ro\/wp-json\/wp\/v2\/product_cat?post=13194"},{"taxonomy":"product_tag","embeddable":true,"href":"https:\/\/idealhoreca.ro\/ro\/wp-json\/wp\/v2\/product_tag?post=13194"}],"curies":[{"name":"wp","href":"https:\/\/api.w.org\/{rel}","templated":true}]}}