{"id":13225,"date":"2024-11-18T11:53:22","date_gmt":"2024-11-18T09:53:22","guid":{"rendered":"https:\/\/idealhoreca.ro\/?post_type=product&#038;p=13225"},"modified":"2025-01-30T14:26:26","modified_gmt":"2025-01-30T12:26:26","slug":"paie-hartie-negre-amb-ind-2008mm-100-set","status":"publish","type":"product","link":"https:\/\/idealhoreca.ro\/ro\/product\/paie-hartie-negre-amb-ind-2008mm-100-set\/","title":{"rendered":"Paie hartie NEGRE amb. ind. 200*8mm 100\/set"},"content":{"rendered":"<p>Paie de b\u0103ut din h\u00e2rtie, potrivite pentru orice b\u0103utur\u0103 dori\u021bi s\u0103 servi\u021bi.<\/p>\n<p>Produsul este biodegradabil.<\/p>\n<p>Produsul este rezistent \u00een b\u0103uturi reci \u0219i calde.<\/p>\n<p><em>Recomand\u0103ri de folosire:<\/em><\/p>\n<p><em>A nu se utiliza \u00een b\u0103uturi fierbinti (ceai, ciocolat\u0103 cald\u0103, etc.)<\/em><\/p>\n<p>Culoare: negru;<\/p>\n<p>Dimensiune: 200 mm x 8 mm;<\/p>\n<p>Mod de ambalare: 100 buc\u0103\u021bi ambalate individual in folie de hartie.<\/p>\n","protected":false},"excerpt":{"rendered":"<p>Paie de b\u0103ut din h\u00e2rtie, potrivite pentru orice b\u0103utur\u0103 dori\u021bi s\u0103 servi\u021bi. Produsul este biodegradabil. Produsul este rezistent \u00een b\u0103uturi reci \u0219i calde. Recomand\u0103ri de folosire: A nu se utiliza \u00een b\u0103uturi fierbinti (ceai, ciocolat\u0103 cald\u0103, etc.) Culoare: negru; Dimensiune: 200 mm x 8 mm; Mod de ambalare: 100 buc\u0103\u021bi&hellip; <\/p>\n","protected":false},"featured_media":13215,"comment_status":"open","ping_status":"closed","template":"","meta":{"inline_featured_image":false},"product_cat":[1253,1254],"product_tag":[],"acf":[],"_links":{"self":[{"href":"https:\/\/idealhoreca.ro\/ro\/wp-json\/wp\/v2\/product\/13225"}],"collection":[{"href":"https:\/\/idealhoreca.ro\/ro\/wp-json\/wp\/v2\/product"}],"about":[{"href":"https:\/\/idealhoreca.ro\/ro\/wp-json\/wp\/v2\/types\/product"}],"replies":[{"embeddable":true,"href":"https:\/\/idealhoreca.ro\/ro\/wp-json\/wp\/v2\/comments?post=13225"}],"version-history":[{"count":1,"href":"https:\/\/idealhoreca.ro\/ro\/wp-json\/wp\/v2\/product\/13225\/revisions"}],"predecessor-version":[{"id":13226,"href":"https:\/\/idealhoreca.ro\/ro\/wp-json\/wp\/v2\/product\/13225\/revisions\/13226"}],"wp:featuredmedia":[{"embeddable":true,"href":"https:\/\/idealhoreca.ro\/ro\/wp-json\/wp\/v2\/media\/13215"}],"wp:attachment":[{"href":"https:\/\/idealhoreca.ro\/ro\/wp-json\/wp\/v2\/media?parent=13225"}],"wp:term":[{"taxonomy":"product_cat","embeddable":true,"href":"https:\/\/idealhoreca.ro\/ro\/wp-json\/wp\/v2\/product_cat?post=13225"},{"taxonomy":"product_tag","embeddable":true,"href":"https:\/\/idealhoreca.ro\/ro\/wp-json\/wp\/v2\/product_tag?post=13225"}],"curies":[{"name":"wp","href":"https:\/\/api.w.org\/{rel}","templated":true}]}}