{"id":13758,"date":"2026-02-09T14:48:09","date_gmt":"2026-02-09T12:48:09","guid":{"rendered":"https:\/\/idealhoreca.ro\/?post_type=product&#038;p=13758"},"modified":"2026-02-09T14:48:28","modified_gmt":"2026-02-09T12:48:28","slug":"felie-pizza-carton-kraft-alb-32-250-set4-bax","status":"publish","type":"product","link":"https:\/\/idealhoreca.ro\/ro\/product\/felie-pizza-carton-kraft-alb-32-250-set4-bax\/","title":{"rendered":"Felie pizza carton kraft\/alb 32, 250\/set*4\/bax"},"content":{"rendered":"<p>Acest ambalaj men\u021bine felia cald\u0103 \u0219i protejeaz\u0103 \u00eempotriva scurgerilor de sos sau gr\u0103sime. U\u0219or de utilizat \u0219i 100% reciclabil, este solu\u021bia perfect\u0103 pentru servirea rapid\u0103 \u0219i igienic\u0103.<\/p>\n<p>Proiectate pentru a p\u0103stra prospe\u021bimea \u0219i siguran\u021ba alimentelor, acestea asigur\u0103 o experien\u021b\u0103 practic\u0103 \u0219i estetic\u0103, fiind potrivite pentru livrare, takeaway, restaurante, livr\u0103ri m\u00e2ncare, patiserii, cofet\u0103rii, HoReCa \u0219i servire rapid\u0103.<\/p>\n","protected":false},"excerpt":{"rendered":"<p>Acest ambalaj men\u021bine felia cald\u0103 \u0219i protejeaz\u0103 \u00eempotriva scurgerilor de sos sau gr\u0103sime. U\u0219or de utilizat \u0219i 100% reciclabil, este solu\u021bia perfect\u0103 pentru servirea rapid\u0103 \u0219i igienic\u0103. Proiectate pentru a p\u0103stra prospe\u021bimea \u0219i siguran\u021ba alimentelor, acestea asigur\u0103 o experien\u021b\u0103 practic\u0103 \u0219i estetic\u0103, fiind potrivite pentru livrare, takeaway, restaurante, livr\u0103ri m\u00e2ncare,&hellip; <\/p>\n","protected":false},"featured_media":13760,"comment_status":"open","ping_status":"closed","template":"","meta":{"inline_featured_image":false},"product_cat":[949,1098],"product_tag":[],"acf":[],"_links":{"self":[{"href":"https:\/\/idealhoreca.ro\/ro\/wp-json\/wp\/v2\/product\/13758"}],"collection":[{"href":"https:\/\/idealhoreca.ro\/ro\/wp-json\/wp\/v2\/product"}],"about":[{"href":"https:\/\/idealhoreca.ro\/ro\/wp-json\/wp\/v2\/types\/product"}],"replies":[{"embeddable":true,"href":"https:\/\/idealhoreca.ro\/ro\/wp-json\/wp\/v2\/comments?post=13758"}],"version-history":[{"count":2,"href":"https:\/\/idealhoreca.ro\/ro\/wp-json\/wp\/v2\/product\/13758\/revisions"}],"predecessor-version":[{"id":13762,"href":"https:\/\/idealhoreca.ro\/ro\/wp-json\/wp\/v2\/product\/13758\/revisions\/13762"}],"wp:featuredmedia":[{"embeddable":true,"href":"https:\/\/idealhoreca.ro\/ro\/wp-json\/wp\/v2\/media\/13760"}],"wp:attachment":[{"href":"https:\/\/idealhoreca.ro\/ro\/wp-json\/wp\/v2\/media?parent=13758"}],"wp:term":[{"taxonomy":"product_cat","embeddable":true,"href":"https:\/\/idealhoreca.ro\/ro\/wp-json\/wp\/v2\/product_cat?post=13758"},{"taxonomy":"product_tag","embeddable":true,"href":"https:\/\/idealhoreca.ro\/ro\/wp-json\/wp\/v2\/product_tag?post=13758"}],"curies":[{"name":"wp","href":"https:\/\/api.w.org\/{rel}","templated":true}]}}